{"id":503,"date":"2026-03-24T23:17:24","date_gmt":"2026-03-24T23:17:24","guid":{"rendered":"https:\/\/teczowyogrod.com.pl\/contact\/"},"modified":"2026-04-09T12:10:32","modified_gmt":"2026-04-09T12:10:32","slug":"contact","status":"publish","type":"page","link":"https:\/\/teczowyogrod.com.pl\/en\/contact\/","title":{"rendered":"Contact"},"content":{"rendered":"\t\t<div data-elementor-type=\"wp-page\" data-elementor-id=\"503\" class=\"elementor elementor-503 elementor-76\" data-elementor-post-type=\"page\">\n\t\t\t\t<div class=\"elementor-element elementor-element-403dfe3 e-flex e-con-boxed e-con e-parent\" data-id=\"403dfe3\" data-element_type=\"container\" data-e-type=\"container\">\n\t\t\t\t\t<div class=\"e-con-inner\">\n\t\t<div class=\"elementor-element elementor-element-188e58c e-con-full e-flex e-con e-child\" data-id=\"188e58c\" data-element_type=\"container\" data-e-type=\"container\" data-settings=\"{&quot;background_background&quot;:&quot;classic&quot;}\">\n\t\t\t\t<div class=\"elementor-element elementor-element-59dd68f elementor-widget elementor-widget-heading\" data-id=\"59dd68f\" data-element_type=\"widget\" data-e-type=\"widget\" data-widget_type=\"heading.default\">\n\t\t\t\t\t<h1 class=\"elementor-heading-title elementor-size-default\">Contact<\/h1>\t\t\t\t<\/div>\n\t\t\t\t<div class=\"elementor-element elementor-element-8e2d3a6 elementor-widget elementor-widget-heading\" data-id=\"8e2d3a6\" data-element_type=\"widget\" data-e-type=\"widget\" data-widget_type=\"heading.default\">\n\t\t\t\t\t<p class=\"elementor-heading-title elementor-size-default\">Contact Us<\/p>\t\t\t\t<\/div>\n\t\t\t\t<\/div>\n\t\t\t\t\t<\/div>\n\t\t\t\t<\/div>\n\t\t<div class=\"elementor-element elementor-element-089aced e-flex e-con-boxed e-con e-parent\" data-id=\"089aced\" data-element_type=\"container\" data-e-type=\"container\">\n\t\t\t\t\t<div class=\"e-con-inner\">\n\t\t\t\t<div class=\"elementor-element elementor-element-80f24d8 elementor-widget elementor-widget-html\" data-id=\"80f24d8\" data-element_type=\"widget\" data-e-type=\"widget\" data-widget_type=\"html.default\">\n\t\t\t\t\t<section class=\"contact-section\">\n  <div class=\"contact-section__wrap\">\n    <div class=\"contact-grid\">\n\n      <!-- LEWA KOLUMNA -->\n      <div class=\"contact-form-card\">\n        <h2 class=\"contact-form-card__title\">Send Message<\/h2>\n<div class=\"formularze-wrapper\">\n\t\n\t<form method=\"post\" action=\"https:\/\/teczowyogrod.com.pl\/wp-admin\/admin-post.php\" class=\"formularze-form formularze-contact\">\n\t\t<input type=\"hidden\" name=\"action\" value=\"submit_contact_form\">\n\t\t<input type=\"hidden\" id=\"formularze_nonce\" name=\"formularze_nonce\" value=\"9df852fc29\" \/><input type=\"hidden\" name=\"_wp_http_referer\" value=\"\/en\/wp-json\/wp\/v2\/pages\/503\" \/>\t\t\n\t\t<!-- Honeypot -->\n\t\t<div style=\"display:none;\">\n\t\t\t<input type=\"text\" name=\"website_url\" value=\"\">\n\t\t<\/div>\n\n\t\t<div class=\"formularze-row\">\n\t\t\t<div class=\"formularze-col\">\n\t\t\t\t<label for=\"first_name\">Imi\u0119 *<\/label>\n\t\t\t\t<input type=\"text\" id=\"first_name\" name=\"first_name\" required>\n\t\t\t<\/div>\n\t\t\t<div class=\"formularze-col\">\n\t\t\t\t<label for=\"last_name\">Nazwisko *<\/label>\n\t\t\t\t<input type=\"text\" id=\"last_name\" name=\"last_name\" required>\n\t\t\t<\/div>\n\t\t<\/div>\n\n\t\t<div class=\"formularze-row\">\n\t\t\t<div class=\"formularze-col\">\n\t\t\t\t<label for=\"email\">E-mail *<\/label>\n\t\t\t\t<input type=\"email\" id=\"email\" name=\"email\" required>\n\t\t\t<\/div>\n\t\t\t<div class=\"formularze-col\">\n\t\t\t\t<label for=\"phone\">Numer telefonu<\/label>\n\t\t\t\t<input type=\"tel\" id=\"phone\" name=\"phone\">\n\t\t\t<\/div>\n\t\t<\/div>\n\n\t\t<div class=\"formularze-row\">\n\t\t\t<div class=\"formularze-col\">\n\t\t\t\t<label for=\"message\">Wiadomo\u015b\u0107 *<\/label>\n\t\t\t\t<textarea id=\"message\" name=\"message\" rows=\"5\" required><\/textarea>\n\t\t\t<\/div>\n\t\t<\/div>\n\n\t\t<div class=\"formularze-row formularze-consent-row\">\n\t\t\t<label class=\"formularze-contact-consent-label\">\n\t\t\t\t<input type=\"checkbox\" name=\"consent\" required>\n\t\t\t\tZosta\u0142em poinformowany, \u017ce administratorem danych osobowych jest T\u0119czowy Ogr\u00f3d sp. z o.o. z siedzib\u0105 w Warszawie przy ul. Mi\u0142ob\u0119dzka 14 , prowadz\u0105ca Dwuj\u0119zyczne Przedszkole T\u0119czowy Ogr\u00f3d. Mam prawo wgl\u0105du, poprawiania oraz \u017c\u0105dania usuni\u0119cia moich danych osobowych w dowolnej chwili. Wyra\u017cam zgod\u0119 na przetwarzanie danych osobowych podanych w formularzu, zgodnie z Polityk\u0105 prywatno\u015bci https:\/\/teczowyogrod.com.pl\/polityka-prywatnosci\/ *\n\t\t\t<\/label>\n\t\t<\/div>\n\n\t\t<div class=\"formularze-row formularze-submit-row\">\n\t\t\t<button type=\"submit\" class=\"formularze-btn\">Wy\u015blij wiadomo\u015b\u0107<\/button>\n\t\t<\/div>\n\t<\/form>\n<\/div>\n\n<\/div>\n\n      <!-- PRAWA KOLUMNA -->\n      <div class=\"contact-sidebar\">\n\n        <div class=\"contact-info-card\">\n          <h3 class=\"contact-info-card__title\">Contact Details<\/h3>\n\n          <div class=\"contact-info-list\">\n            <div class=\"contact-info-item\">\n              <div class=\"contact-info-item__icon\">\n                <svg viewbox=\"0 0 24 24\" fill=\"none\" stroke=\"currentColor\" stroke-width=\"1.9\" stroke-linecap=\"round\" stroke-linejoin=\"round\">\n                  <path d=\"M21 10c0 7-9 13-9 13S3 17 3 10a9 9 0 1 1 18 0z\"><\/path>\n                  <circle cx=\"12\" cy=\"10\" r=\"3\"\/>\n                <\/svg>\n              <\/div>\n              <div class=\"contact-info-item__content\">\n                <div class=\"contact-info-item__label\">Address<\/div>\n                <div class=\"contact-info-item__value\">\n Street 14 Mi\u0142ob\u0119dzka Street (near Marina Estate)<br> 02-634 Warsaw (Mokot\u00f3w)\n                <\/div>\n              <\/div>\n            <\/div>\n\n            <div class=\"contact-info-item\">\n              <div class=\"contact-info-item__icon\">\n                <svg viewbox=\"0 0 24 24\" fill=\"none\" stroke=\"currentColor\" stroke-width=\"1.9\" stroke-linecap=\"round\" stroke-linejoin=\"round\">\n                  <path d=\"M22 16.92v3a2 2 0 0 1-2.18 2 19.79 19.79 0 0 1-8.63-3.07 19.5 19.5 0 0 1-6-6A19.79 19.79 0 0 1 2.12 4.18 2 2 0 0 1 4.11 2h3a2 2 0 0 1 2 1.72c.12.91.33 1.8.63 2.65a2 2 0 0 1-.45 2.11L8.09 9.91a16 16 0 0 0 6 6l1.43-1.2a2 2 0 0 1 2.11-.45c.85.3 1.74.51 2.65.63A2 2 0 0 1 22 16.92z\"><\/path>\n                <\/svg>\n              <\/div>\n              <div class=\"contact-info-item__content\">\n                <div class=\"contact-info-item__label\">Phone<\/div>\n                <div class=\"contact-info-item__value\">\n                  <a href=\"tel:226460852\">22 646 08 52<\/a><br>                  <a href=\"tel:600442393\">600 442 393<\/a>\n                <\/div>\n              <\/div>\n            <\/div>\n\n            <div class=\"contact-info-item\">\n              <div class=\"contact-info-item__icon\">\n                <svg viewbox=\"0 0 24 24\" fill=\"none\" stroke=\"currentColor\" stroke-width=\"1.9\" stroke-linecap=\"round\" stroke-linejoin=\"round\">\n                  <path d=\"M4 4h16a2 2 0 0 1 2 2v12a2 2 0 0 1-2 2H4a2 2 0 0 1-2-2V6a2 2 0 0 1 2-2z\"><\/path>\n                  <path d=\"M22 6l-10 7L2 6\"><\/path>\n                <\/svg>\n              <\/div>\n              <div class=\"contact-info-item__content\">\n                <div class=\"contact-info-item__label\">Email<\/div>\n                <div class=\"contact-info-item__value\">\n                  <a href=\"mailto:przedszkole@teczowyogrod.com.pl\">przedszkole@teczowyogrod.com.pl<\/a>\n                <\/div>\n              <\/div>\n            <\/div>\n          <\/div>\n        <\/div>\n\n        <div class=\"contact-hours-card\">\n          <h3 class=\"contact-hours-card__title\">Opening Hours<\/h3>\n\n          <div class=\"contact-hours-list\">\n            <div class=\"contact-hours-row\">\n              <span>Monday\u2013Friday<\/span>\n              <strong>7:00 AM - 6:00 PM<\/strong>\n            <\/div>\n            <div class=\"contact-hours-row\">\n              <span>Saturday\u2013Sunday<\/span>\n              <strong>Closed<\/strong>\n            <\/div>\n          <\/div>\n        <\/div>\n\n        <div class=\"contact-social-card\">\n          <h3 class=\"contact-social-card__title\">Social Media<\/h3>\n\n          <div class=\"contact-socials\">\n            <a href=\"https:\/\/www.facebook.com\/Teczowy.Ogrod.dwujezyczne.przedszkole\" target=\"_blank\" rel=\"noopener noreferrer\" aria-label=\"Facebook\">\n              <svg viewbox=\"0 0 24 24\" fill=\"currentColor\">\n                <path d=\"M22 12a10 10 0 1 0-11.56 9.88v-6.99H7.9V12h2.54V9.8c0-2.5 1.49-3.89 3.77-3.89 1.09 0 2.23.19 2.23.19v2.46h-1.26c-1.24 0-1.63.77-1.63 1.56V12h2.77l-.44 2.89h-2.33v6.99A10 10 0 0 0 22 12z\"\/>\n              <\/svg>\n            <\/a>\n\n            <a href=\"https:\/\/www.instagram.com\/teczowy_ogrod\/\" target=\"_blank\" rel=\"noopener noreferrer\" aria-label=\"Instagram\">\n              <svg viewbox=\"0 0 24 24\" fill=\"currentColor\">\n                <path d=\"M7 2C4.24 2 2 4.24 2 7v10c0 2.76 2.24 5 5 5h10c2.76 0 5-2.24 5-5V7c0-2.76-2.24-5-5-5H7zm0 2h10c1.65 0 3 1.35 3 3v10c0 1.65-1.35 3-3 3H7c-1.65 0-3-1.35-3-3V7c0-1.65 1.35-3 3-3zm10.5 1.5a1 1 0 1 0 .001 2.001A1 1 0 0 0 17.5 5.5zM12 7a5 5 0 1 0 0 10 5 5 0 0 0 0-10zm0 2a3 3 0 1 1 0 6 3 3 0 0 1 0-6z\"\/>\n              <\/svg>\n            <\/a>\n\n            <a href=\"#\" aria-label=\"YouTube\">\n              <svg viewbox=\"0 0 24 24\" fill=\"currentColor\">\n                <path d=\"M23.5 6.2a3 3 0 0 0-2.11-2.12C19.54 3.5 12 3.5 12 3.5s-7.54 0-9.39.58A3 3 0 0 0 .5 6.2 31.2 31.2 0 0 0 0 12a31.2 31.2 0 0 0 .5 5.8 3 3 0 0 0 2.11 2.12c1.85.58 9.39.58 9.39.58s7.54 0 9.39-.58a3 3 0 0 0 2.11-2.12A31.2 31.2 0 0 0 24 12a31.2 31.2 0 0 0-.5-5.8zM9.75 15.52v-7.04L15.98 12l-6.23 3.52z\"\/>\n              <\/svg>\n            <\/a>\n          <\/div>\n        <\/div>\n\n      <\/div>\n    <\/div>\n  <\/div>\n<\/section>\t\t\t\t<\/div>\n\t\t\t\t\t<\/div>\n\t\t\t\t<\/div>\n\t\t<div class=\"elementor-element elementor-element-d1e712a e-flex e-con-boxed e-con e-parent\" data-id=\"d1e712a\" data-element_type=\"container\" data-e-type=\"container\">\n\t\t\t\t\t<div class=\"e-con-inner\">\n\t\t\t\t<div class=\"elementor-element elementor-element-c2f4d51 elementor-widget elementor-widget-google_maps\" data-id=\"c2f4d51\" data-element_type=\"widget\" data-e-type=\"widget\" data-widget_type=\"google_maps.default\">\n\t\t\t\t\t\t\t<div class=\"elementor-custom-embed\">\n\t\t\t<iframe loading=\"lazy\"\n\t\t\t\t\tsrc=\"https:\/\/maps.google.com\/maps?q=Dwuj%C4%99zyczne%20Przedszkole%20T%C4%98CZOWY%20OGR%C3%93D%20%7C%20Prywatne%20niepubliczne%20przedszkole%20%7C%20Warszawa%20Mokot%C3%B3w%20Marina&#038;t=m&#038;z=12&#038;output=embed&#038;iwloc=near\"\n\t\t\t\t\ttitle=\"Dwuj\u0119zyczne Przedszkole T\u0118CZOWY OGR\u00d3D | Prywatne niepubliczne przedszkole | Warszawa Mokot\u00f3w Marina\"\n\t\t\t\t\taria-label=\"Dwuj\u0119zyczne Przedszkole T\u0118CZOWY OGR\u00d3D | Prywatne niepubliczne przedszkole | Warszawa Mokot\u00f3w Marina\"\n\t\t\t><\/iframe>\n\t\t<\/div>\n\t\t\t\t\t\t<\/div>\n\t\t\t\t\t<\/div>\n\t\t\t\t<\/div>\n\t\t\t\t<\/div>\n\t\t","protected":false},"excerpt":{"rendered":"<p>Contact Contact Us Send Message Contact Details Address Street 14 Mi\u0142ob\u0119dzka Street (near Marina Estate) 02-634 Warsaw (Mokot\u00f3w) Phone 22 646 08 52 600 442 393 Email przedszkole@teczowyogrod.com.pl Opening Hours Monday\u2013Friday 7:00 AM &#8211; 6:00 PM Saturday\u2013Sunday Closed Social Media<\/p>\n","protected":false},"author":1,"featured_media":0,"parent":0,"menu_order":0,"comment_status":"closed","ping_status":"closed","template":"","meta":{"footnotes":""},"class_list":["post-503","page","type-page","status-publish","hentry"],"_links":{"self":[{"href":"https:\/\/teczowyogrod.com.pl\/en\/wp-json\/wp\/v2\/pages\/503","targetHints":{"allow":["GET"]}}],"collection":[{"href":"https:\/\/teczowyogrod.com.pl\/en\/wp-json\/wp\/v2\/pages"}],"about":[{"href":"https:\/\/teczowyogrod.com.pl\/en\/wp-json\/wp\/v2\/types\/page"}],"author":[{"embeddable":true,"href":"https:\/\/teczowyogrod.com.pl\/en\/wp-json\/wp\/v2\/users\/1"}],"replies":[{"embeddable":true,"href":"https:\/\/teczowyogrod.com.pl\/en\/wp-json\/wp\/v2\/comments?post=503"}],"version-history":[{"count":1,"href":"https:\/\/teczowyogrod.com.pl\/en\/wp-json\/wp\/v2\/pages\/503\/revisions"}],"predecessor-version":[{"id":504,"href":"https:\/\/teczowyogrod.com.pl\/en\/wp-json\/wp\/v2\/pages\/503\/revisions\/504"}],"wp:attachment":[{"href":"https:\/\/teczowyogrod.com.pl\/en\/wp-json\/wp\/v2\/media?parent=503"}],"curies":[{"name":"wp","href":"https:\/\/api.w.org\/{rel}","templated":true}]}}